{"id":2433,"date":"2020-04-09T12:26:03","date_gmt":"2020-04-09T10:26:03","guid":{"rendered":"https:\/\/www.uhren-utz.de\/?post_type=product&#038;p=2433"},"modified":"2022-07-29T16:47:58","modified_gmt":"2022-07-29T14:47:58","slug":"coeur-de-lion-halskette-4993-10-522","status":"publish","type":"product","link":"https:\/\/www.uhren-utz.de\/en\/shop\/coeur-de-lion-halskette-4993-10-522\/","title":{"rendered":"Coeur de Lion Halskette 4993\/10-522"},"content":{"rendered":"<p>h13179<\/p>\n","protected":false},"excerpt":{"rendered":"<div class=\"row hidden-xs\">\n<div class=\"col-sm-12\">\n<p class=\"pdp-product-description\">TwistedPEARLS: Amazonit, Pav\u00e9-Kristalle und Edelstahl au\u00dfergew\u00f6hnlich miteinander verkn\u00fcpft.<\/p>\n<\/div>\n<\/div>\n<div id=\"further-product-details-1\" class=\"row pdp-product-description-attributes hidden-xs\">\n<div class=\"col-sm-6\">\n<p class=\"pdp-product-description\"><b class=\"text-uppercase\">material<\/b><\/p>\n<p>Amazonit<br \/>\nSwarovski\u00ae Kristalle<br \/>\nEdelstahl ros\u00e9gold<br \/>\nEdelstahl<br \/>\nPav\u00e9-Kristalle<\/p>\n<\/div>\n<div class=\"col-sm-6\">\n<p class=\"pdp-product-description\"><b class=\"text-uppercase\">L\u00e4nge<\/b><\/p>\n<p>42 cm + 6 cm Verl\u00e4ngerungskette<\/p>\n<p class=\"pdp-product-description\"><b class=\"text-uppercase\">St\u00e4rke<\/b><\/p>\n<p>0,6 cm<\/p>\n<p class=\"pdp-product-description\"><b class=\"text-uppercase\">Verschluss<\/b><\/p>\n<p>Karabiner-Verschluss Edelstahl ros\u00e9gold<\/p>\n<\/div>\n<\/div>\n<div class=\"row hidden-xs\">\n<div class=\"col-sm-12\">\n<p class=\"pdp-product-description\">Jedes Schmuckst\u00fcck, das Sie bei COEUR DE LION bestellen, wird seidig gebettet in einem hochwertigen Design-Etui und mit Echtheitszertifikat geliefert.<\/p>\n<\/div>\n<\/div>\n","protected":false},"featured_media":2434,"comment_status":"open","ping_status":"closed","template":"","meta":{"_et_pb_use_builder":"","_et_pb_old_content":"","_et_gb_content_width":""},"pwb-brand":[242],"product_brand":[],"product_cat":[145,64],"product_tag":[380],"class_list":{"0":"post-2433","1":"product","2":"type-product","3":"status-publish","4":"has-post-thumbnail","6":"pwb-brand-coeur-de-lion","7":"product_cat-coeur-de-lion","8":"product_cat-schmuck","9":"product_tag-h13179","11":"first","12":"instock","13":"sold-individually","14":"taxable","15":"shipping-taxable","16":"purchasable","17":"product-type-simple"},"brands":[{"id":242,"name":"Coeur de Lion","slug":"coeur-de-lion"}],"_links":{"self":[{"href":"https:\/\/www.uhren-utz.de\/en\/wp-json\/wp\/v2\/product\/2433","targetHints":{"allow":["GET"]}}],"collection":[{"href":"https:\/\/www.uhren-utz.de\/en\/wp-json\/wp\/v2\/product"}],"about":[{"href":"https:\/\/www.uhren-utz.de\/en\/wp-json\/wp\/v2\/types\/product"}],"replies":[{"embeddable":true,"href":"https:\/\/www.uhren-utz.de\/en\/wp-json\/wp\/v2\/comments?post=2433"}],"wp:featuredmedia":[{"embeddable":true,"href":"https:\/\/www.uhren-utz.de\/en\/wp-json\/wp\/v2\/media\/2434"}],"wp:attachment":[{"href":"https:\/\/www.uhren-utz.de\/en\/wp-json\/wp\/v2\/media?parent=2433"}],"wp:term":[{"taxonomy":"pwb-brand","embeddable":true,"href":"https:\/\/www.uhren-utz.de\/en\/wp-json\/wp\/v2\/pwb-brand?post=2433"},{"taxonomy":"product_brand","embeddable":true,"href":"https:\/\/www.uhren-utz.de\/en\/wp-json\/wp\/v2\/product_brand?post=2433"},{"taxonomy":"product_cat","embeddable":true,"href":"https:\/\/www.uhren-utz.de\/en\/wp-json\/wp\/v2\/product_cat?post=2433"},{"taxonomy":"product_tag","embeddable":true,"href":"https:\/\/www.uhren-utz.de\/en\/wp-json\/wp\/v2\/product_tag?post=2433"}],"curies":[{"name":"wp","href":"https:\/\/api.w.org\/{rel}","templated":true}]}}