{"id":3991,"date":"2023-02-10T11:22:13","date_gmt":"2023-02-10T10:22:13","guid":{"rendered":"https:\/\/www.uhren-utz.de\/?post_type=product&#038;p=3991"},"modified":"2025-10-05T14:53:03","modified_gmt":"2025-10-05T12:53:03","slug":"tissot-seastar-1000-powermatic-80-t120-407-11-091-01","status":"publish","type":"product","link":"https:\/\/www.uhren-utz.de\/en\/shop\/tissot-seastar-1000-powermatic-80-t120-407-11-091-01\/","title":{"rendered":"Tissot Seastar 1000 Powermatic 80 T120.407.11.091.01"},"content":{"rendered":"<p>u15668<\/p>\n","protected":false},"excerpt":{"rendered":"<div class=\"tab-menu--product js--tab-menu\">\n<div class=\"tab--container-list\">\n<div class=\"tab--container has--content is--active\">\n<div class=\"tab--content\">\n<div class=\"content--description\">\n<div class=\"product--description\">Die Tissot Seastar 1000 Automatic Uhr ist die perfekte Wahl f\u00fcr Taucher.<br \/>\nSie beeindruckt durch ihre Hochleistungsf\u00e4higkeit bis zu einem Druck von 30 bar (300 m \/ 1000 ft), lumineszierenden Zeigern und Indizes sowie der einseitig drehbaren schwarzen Keramik-Taucherl\u00fcnette.<br \/>\nMit dieser Uhr k\u00f6nnen Sie sich mutig in die Tiefe wagen, sie wird Sie nicht fallenlassen.<br \/>\nDiese Uhr der Seastar 1000 Automatic Kollektion ist mit einem Swiss Made Powermatic 80 Werk, kratzfestem Saphirglas, einem 316L &#8211; Edelstahlgeh\u00e4use sowie verschraubter Krone und verschraubtem Geh\u00e4useboden ausgestattet.<\/p>\n<div class=\"loadbeeTabContent\" data-loadbee-apikey=\"fYmNK2uVTD4m9KkdJ7kARaNYGJaLh6cs\" data-loadbee-gtin=\"7611608298398\" data-loadbee-locale=\"de_DE\"><\/div>\n<\/div>\n<div class=\"content--title\">Eigenschaften<\/div>\n<div class=\"product--properties panel has--border\">\n<table class=\"product--properties-table\">\n<tbody>\n<tr class=\"product--properties-row\">\n<td class=\"product--properties-label is--bold\">Geschlecht:<\/td>\n<td class=\"product--properties-value\">m\u00e4nnlich<\/td>\n<\/tr>\n<tr class=\"product--properties-row\">\n<td class=\"product--properties-label is--bold\">Uhrwerk Bezeichnung:<\/td>\n<td class=\"product--properties-value\">Powermatic 80<\/td>\n<\/tr>\n<tr class=\"product--properties-row\">\n<td class=\"product--properties-label is--bold\">Zustand:<\/td>\n<td class=\"product--properties-value\">Neu, Ungetragen<\/td>\n<\/tr>\n<tr class=\"product--properties-row\">\n<td class=\"product--properties-label is--bold\">Lieferumfang:<\/td>\n<td class=\"product--properties-value\">Bedienungsanleitung, Geschenkbox, Offizielle, abgestempelte und signierte Herstellerkarte (Papiere), Umkarton<\/td>\n<\/tr>\n<tr class=\"product--properties-row\">\n<td class=\"product--properties-label is--bold\">Zifferblatt Anzeigen:<\/td>\n<td class=\"product--properties-value\">Datum, Minute, Sekunde, Stunde<\/td>\n<\/tr>\n<tr class=\"product--properties-row\">\n<td class=\"product--properties-label is--bold\">Gangreserve:<\/td>\n<td class=\"product--properties-value\">80 Std<\/td>\n<\/tr>\n<tr class=\"product--properties-row\">\n<td class=\"product--properties-label is--bold\">Armband Material:<\/td>\n<td class=\"product--properties-value\">Edelstahl<\/td>\n<\/tr>\n<tr class=\"product--properties-row\">\n<td class=\"product--properties-label is--bold\">Aufzug:<\/td>\n<td class=\"product--properties-value\">Automatik<\/td>\n<\/tr>\n<tr class=\"product--properties-row\">\n<td class=\"product--properties-label is--bold\">Luenette:<\/td>\n<td class=\"product--properties-value\">Keramik<\/td>\n<\/tr>\n<tr class=\"product--properties-row\">\n<td class=\"product--properties-label is--bold\">Zifferblatt Farbe:<\/td>\n<td class=\"product--properties-value\">Gr\u00fcn<\/td>\n<\/tr>\n<tr class=\"product--properties-row\">\n<td class=\"product--properties-label is--bold\">Wasserdicht:<\/td>\n<td class=\"product--properties-value\">30 ATM (300 m)<\/td>\n<\/tr>\n<tr class=\"product--properties-row\">\n<td class=\"product--properties-label is--bold\">Schlie\u00dfe:<\/td>\n<td class=\"product--properties-value\">Faltschlie\u00dfe<\/td>\n<\/tr>\n<tr class=\"product--properties-row\">\n<td class=\"product--properties-label is--bold\">Glas:<\/td>\n<td class=\"product--properties-value\">Saphirglas<\/td>\n<\/tr>\n<tr class=\"product--properties-row\">\n<td class=\"product--properties-label is--bold\">Gehaeuse Material:<\/td>\n<td class=\"product--properties-value\">Edelstahl 316L<\/td>\n<\/tr>\n<tr class=\"product--properties-row\">\n<td class=\"product--properties-label is--bold\">Gehaeuseboden:<\/td>\n<td class=\"product--properties-value\">Sichtboden<\/td>\n<\/tr>\n<tr class=\"product--properties-row\">\n<td class=\"product--properties-label is--bold\">Farbe:<\/td>\n<td class=\"product--properties-value\">silber<\/td>\n<\/tr>\n<tr class=\"product--properties-row\">\n<td class=\"product--properties-label is--bold\">Gehaeuse Durchmesser:<\/td>\n<td class=\"product--properties-value\">43 mm<\/td>\n<\/tr>\n<tr class=\"product--properties-row\">\n<td class=\"product--properties-label is--bold\">Armband Farbe:<\/td>\n<td class=\"product--properties-value\">silber<\/td>\n<\/tr>\n<tr class=\"product--properties-row\">\n<td class=\"product--properties-label is--bold\">Anzeige:<\/td>\n<td class=\"product--properties-value\">Analog<\/td>\n<\/tr>\n<tr class=\"product--properties-row\">\n<td class=\"product--properties-label is--bold\">Gehaeuseh\u00f6he:<\/td>\n<td class=\"product--properties-value\">12,7mm<\/td>\n<\/tr>\n<\/tbody>\n<\/table>\n<\/div>\n<p class=\"product--properties-info\">Angaben gem\u00e4\u00df Hersteller. Irrtum und \u00c4nderung vorbehalten.<\/p>\n<div class=\"content--title\"><\/div>\n<\/div>\n<\/div>\n<\/div>\n<\/div>\n<\/div>\n<div class=\"tab-menu--cross-selling js--tab-menu\">\n<div class=\"tab--navigation\"><\/div>\n<div class=\"tab--container-list\">\n<div class=\"tab--container has--content is--active\" data-tab-id=\"alsoviewed\">\n<div class=\"tab--content content--also-viewed\">\n<div class=\"viewed--content\">\n<div class=\"product-slider\" data-initonevent=\"onShowContent-alsoviewed\" data-product-slider=\"true\"><\/div>\n<\/div>\n<\/div>\n<\/div>\n<\/div>\n<\/div>\n<div class=\"content product--details\" data-product-navigation=\"\/widgets\/listing\/productNavigation\" data-category-id=\"1018\" data-main-ordernumber=\"T120.407.11.091.01\" data-ajax-wishlist=\"true\" data-compare-ajax=\"true\" data-ajax-variants-container=\"true\">\n<div class=\"tab-menu--cross-selling js--tab-menu\">\n<div class=\"tab--container-list\"><\/div>\n<\/div>\n<\/div>\n<div><\/div>\n","protected":false},"featured_media":3992,"comment_status":"open","ping_status":"closed","template":"","meta":{"_et_pb_use_builder":"","_et_pb_old_content":"","_et_gb_content_width":""},"pwb-brand":[232],"product_brand":[],"product_cat":[131,206,182],"product_tag":[441,548],"class_list":{"0":"post-3991","1":"product","2":"type-product","3":"status-publish","4":"has-post-thumbnail","6":"pwb-brand-tissot","7":"product_cat-herrenuhren","8":"product_cat-metallband-2","9":"product_cat-tissot","10":"product_tag-seastar","11":"product_tag-u15668","13":"first","14":"instock","15":"sold-individually","16":"taxable","17":"shipping-taxable","18":"purchasable","19":"product-type-simple"},"brands":[{"id":232,"name":"Tissot","slug":"tissot"}],"_links":{"self":[{"href":"https:\/\/www.uhren-utz.de\/en\/wp-json\/wp\/v2\/product\/3991","targetHints":{"allow":["GET"]}}],"collection":[{"href":"https:\/\/www.uhren-utz.de\/en\/wp-json\/wp\/v2\/product"}],"about":[{"href":"https:\/\/www.uhren-utz.de\/en\/wp-json\/wp\/v2\/types\/product"}],"replies":[{"embeddable":true,"href":"https:\/\/www.uhren-utz.de\/en\/wp-json\/wp\/v2\/comments?post=3991"}],"wp:featuredmedia":[{"embeddable":true,"href":"https:\/\/www.uhren-utz.de\/en\/wp-json\/wp\/v2\/media\/3992"}],"wp:attachment":[{"href":"https:\/\/www.uhren-utz.de\/en\/wp-json\/wp\/v2\/media?parent=3991"}],"wp:term":[{"taxonomy":"pwb-brand","embeddable":true,"href":"https:\/\/www.uhren-utz.de\/en\/wp-json\/wp\/v2\/pwb-brand?post=3991"},{"taxonomy":"product_brand","embeddable":true,"href":"https:\/\/www.uhren-utz.de\/en\/wp-json\/wp\/v2\/product_brand?post=3991"},{"taxonomy":"product_cat","embeddable":true,"href":"https:\/\/www.uhren-utz.de\/en\/wp-json\/wp\/v2\/product_cat?post=3991"},{"taxonomy":"product_tag","embeddable":true,"href":"https:\/\/www.uhren-utz.de\/en\/wp-json\/wp\/v2\/product_tag?post=3991"}],"curies":[{"name":"wp","href":"https:\/\/api.w.org\/{rel}","templated":true}]}}