{"id":4629,"date":"2025-08-01T09:51:55","date_gmt":"2025-08-01T07:51:55","guid":{"rendered":"https:\/\/www.uhren-utz.de\/?post_type=product&#038;p=4629"},"modified":"2025-08-01T09:51:55","modified_gmt":"2025-08-01T07:51:55","slug":"tissot-seastar-1000-chronograph-38mm-schwarz-unisexuhr-t120-217-37-061-00","status":"publish","type":"product","link":"https:\/\/www.uhren-utz.de\/en\/shop\/tissot-seastar-1000-chronograph-38mm-schwarz-unisexuhr-t120-217-37-061-00\/","title":{"rendered":"Tissot Seastar 1000 Chronograph 38mm Schwarz  Unisexuhr  T120.217.37.061.00"},"content":{"rendered":"<p>u15661<\/p>\n","protected":false},"excerpt":{"rendered":"<table id=\"product-attribute-specs-table\" class=\"data-table\">\n<tbody>\n<tr class=\"first odd\">\n<th class=\"label\">Marke<\/th>\n<td class=\"data\">Tissot<\/td>\n<th class=\"label\">Referenz-Nr.<\/th>\n<td class=\"data last\">T120.217.37.061.00<\/td>\n<\/tr>\n<tr class=\"even\">\n<th class=\"label\">Uhren Stil<\/th>\n<td class=\"data\">sportlich<\/td>\n<th class=\"label\">Zielgruppe<\/th>\n<td class=\"data last\">Unisex<\/td>\n<\/tr>\n<tr class=\"odd\">\n<th class=\"label\">Uhrwerk<\/th>\n<td class=\"data\">Quarz (Batterie)<abbr data-tippy-content=\"Uhren welche per Quarz betrieben werden verf\u00fcgen \u00fcber eine in dem Uhrenwerk verarbeitete Batterie, welche zum Betrieb der Uhr dient.\"><\/abbr><\/td>\n<\/tr>\n<\/tbody>\n<\/table>\n<table id=\"product-attribute-specs-table\" class=\"data-table\">\n<tbody>\n<tr class=\"odd\">\n<th class=\"label\">Swiss Made<\/th>\n<td class=\"data last\">Ja<\/td>\n<\/tr>\n<tr class=\"even\">\n<th class=\"label\">Wasserdichtigkeit<\/th>\n<td class=\"data\">300m<abbr data-tippy-content=\"Die Uhr ist auf eine Wasserdichtigkeit bis 30 bar gepr\u00fcft, was dem Druck einer angenommenen Wassertiefe von 300 Metern entspricht. Uhren dieser Gruppe sind beispielsweise zum Tauchen mit Pressluftflasche und Tauchen mit Helium bestens geeignet.\"><\/abbr><\/td>\n<\/tr>\n<\/tbody>\n<\/table>\n<table id=\"product-attribute-specs-table\" class=\"data-table\">\n<tbody>\n<tr class=\"even\">\n<th class=\"label\">Geh\u00e4useform<\/th>\n<td class=\"data last\">Rund<\/td>\n<\/tr>\n<tr class=\"odd\">\n<th class=\"label\">Geh\u00e4usedurchmesser<\/th>\n<td class=\"data\">38mm<\/td>\n<th class=\"label\">Geh\u00e4useh\u00f6he<\/th>\n<td class=\"data last\">12.95mm<\/td>\n<\/tr>\n<tr class=\"even\">\n<th class=\"label\">Geh\u00e4use Material<\/th>\n<td class=\"data\">Edelstahl<\/td>\n<th class=\"label\">Zifferblatt<\/th>\n<td class=\"data last\">Schwarz<\/td>\n<\/tr>\n<tr class=\"odd\">\n<th class=\"label\">Uhrenglas<\/th>\n<td class=\"data\">kratzfestes Saphirglas<abbr data-tippy-content=\"Uhren welche mit kratzfestem Saphirglas ausgestattet sind, verf\u00fcgen \u00fcber eine hohe Wiederstandsf\u00e4higkeit. Das Saphirglas sch\u00fctzt die Uhr vor starken Kratzern und anderen g\u00e4ngigen Blessuren.\"><\/abbr><\/td>\n<\/tr>\n<\/tbody>\n<\/table>\n<table id=\"product-attribute-specs-table\" class=\"data-table\">\n<tbody>\n<tr class=\"odd\">\n<th class=\"label\">Armband<\/th>\n<td class=\"data last\">Silikon<\/td>\n<\/tr>\n<tr class=\"even\">\n<th class=\"label\">Armbandfarbe<\/th>\n<td class=\"data\">Schwarz<\/td>\n<th class=\"label\">Bandanstoss<\/th>\n<td class=\"data last\">18mm<\/td>\n<\/tr>\n<tr class=\"odd\">\n<th class=\"label\">Verschluss<\/th>\n<td class=\"data\">Dornschliesse<\/td>\n<th class=\"label\">Weitere Details<\/th>\n<td class=\"data last\">drehbare L\u00fcnette, Krone und Geh\u00e4useboden verschraubt<\/td>\n<\/tr>\n<tr class=\"last even\">\n<th class=\"label\">Funktionen<\/th>\n<td class=\"data\">Chronograph<abbr data-tippy-content=\"Uhren welche \u00fcber eine Chronographenfunktion verf\u00fcgen, k\u00f6nnen als Stoppuhren genutzt werden. Die Zeitmessung erfolgt \u00fcber die jeweiligen Dr\u00fccker der Uhr.\"><\/abbr><\/td>\n<\/tr>\n<\/tbody>\n<\/table>\n","protected":false},"featured_media":4631,"comment_status":"open","ping_status":"closed","template":"","meta":{"_et_pb_use_builder":"","_et_pb_old_content":"","_et_gb_content_width":""},"pwb-brand":[232],"product_brand":[],"product_cat":[208],"product_tag":[],"class_list":{"0":"post-4629","1":"product","2":"type-product","3":"status-publish","4":"has-post-thumbnail","6":"pwb-brand-tissot","7":"product_cat-tissot-2","9":"first","10":"instock","11":"sold-individually","12":"taxable","13":"shipping-taxable","14":"purchasable","15":"product-type-simple"},"brands":[{"id":232,"name":"Tissot","slug":"tissot"}],"_links":{"self":[{"href":"https:\/\/www.uhren-utz.de\/en\/wp-json\/wp\/v2\/product\/4629","targetHints":{"allow":["GET"]}}],"collection":[{"href":"https:\/\/www.uhren-utz.de\/en\/wp-json\/wp\/v2\/product"}],"about":[{"href":"https:\/\/www.uhren-utz.de\/en\/wp-json\/wp\/v2\/types\/product"}],"replies":[{"embeddable":true,"href":"https:\/\/www.uhren-utz.de\/en\/wp-json\/wp\/v2\/comments?post=4629"}],"wp:featuredmedia":[{"embeddable":true,"href":"https:\/\/www.uhren-utz.de\/en\/wp-json\/wp\/v2\/media\/4631"}],"wp:attachment":[{"href":"https:\/\/www.uhren-utz.de\/en\/wp-json\/wp\/v2\/media?parent=4629"}],"wp:term":[{"taxonomy":"pwb-brand","embeddable":true,"href":"https:\/\/www.uhren-utz.de\/en\/wp-json\/wp\/v2\/pwb-brand?post=4629"},{"taxonomy":"product_brand","embeddable":true,"href":"https:\/\/www.uhren-utz.de\/en\/wp-json\/wp\/v2\/product_brand?post=4629"},{"taxonomy":"product_cat","embeddable":true,"href":"https:\/\/www.uhren-utz.de\/en\/wp-json\/wp\/v2\/product_cat?post=4629"},{"taxonomy":"product_tag","embeddable":true,"href":"https:\/\/www.uhren-utz.de\/en\/wp-json\/wp\/v2\/product_tag?post=4629"}],"curies":[{"name":"wp","href":"https:\/\/api.w.org\/{rel}","templated":true}]}}